{"id":1441,"date":"2025-12-08T23:41:20","date_gmt":"2025-12-09T02:41:20","guid":{"rendered":"https:\/\/conceptonayf.com\/?page_id=1441"},"modified":"2026-04-09T00:22:54","modified_gmt":"2026-04-09T03:22:54","slug":"centro-cultural-nayf","status":"publish","type":"page","link":"https:\/\/conceptonayf.com\/en\/centro-cultural-nayf\/","title":{"rendered":"Cultural Center NAYF"},"content":{"rendered":"<div data-elementor-type=\"wp-page\" data-elementor-id=\"1441\" class=\"elementor elementor-1441\">\n\t\t\t\t<div class=\"elementor-element elementor-element-126b297 e-flex e-con-boxed elementor-invisible e-con e-parent\" data-id=\"126b297\" data-element_type=\"container\" data-settings=\"{&quot;background_background&quot;:&quot;classic&quot;,&quot;animation&quot;:&quot;fadeIn&quot;}\">\n\t\t\t\t\t<div class=\"e-con-inner\">\n\t\t<div class=\"elementor-element elementor-element-5a3cff0 e-con-full e-flex e-con e-child\" data-id=\"5a3cff0\" data-element_type=\"container\">\n\t\t\t\t<div class=\"elementor-element elementor-element-cb30df0 elementor-widget elementor-widget-heading\" data-id=\"cb30df0\" data-element_type=\"widget\" data-widget_type=\"heading.default\">\n\t\t\t\t\t<h3 class=\"elementor-heading-title elementor-size-default\">Cultural Center NAYF<\/h3>\t\t\t\t<\/div>\n\t\t\t\t<div class=\"elementor-element elementor-element-d5b6948 elementor-widget elementor-widget-text-editor\" data-id=\"d5b6948\" data-element_type=\"widget\" data-widget_type=\"text-editor.default\">\n\t\t\t\t\t\t\t\t\t<p>ART HOUSE \u2013 GASC\u00d3N 2030<\/p>\t\t\t\t\t\t\t\t<\/div>\n\t\t\t\t<div class=\"elementor-element elementor-element-9194f7e elementor-widget elementor-widget-text-editor\" data-id=\"9194f7e\" data-element_type=\"widget\" data-widget_type=\"text-editor.default\">\n\t\t\t\t\t\t\t\t\t<p>The House of Art is the heart of CONCEPTO NAYF<\/p>\t\t\t\t\t\t\t\t<\/div>\n\t\t\t\t<div class=\"elementor-element elementor-element-a8f1f96 elementor-widget elementor-widget-text-editor\" data-id=\"a8f1f96\" data-element_type=\"widget\" data-widget_type=\"text-editor.default\">\n\t\t\t\t\t\t\t\t\t<p>An open, intimate, and dynamic cultural space designed to let creativity flow freely.<br \/><br \/>Located at Gasc\u00f3n 2030 in Mar del Plata, the house serves as a meeting point where artists, students, and the general public can explore, create, and share a wide range of artistic practices.<\/p>\t\t\t\t\t\t\t\t<\/div>\n\t\t\t\t<\/div>\n\t\t<div class=\"elementor-element elementor-element-0b2f76e e-con-full e-flex e-con e-child\" data-id=\"0b2f76e\" data-element_type=\"container\">\n\t\t\t\t<div class=\"elementor-element elementor-element-38ef82a elementor-widget elementor-widget-image\" data-id=\"38ef82a\" data-element_type=\"widget\" data-widget_type=\"image.default\">\n\t\t\t\t\t\t\t\t\t\t\t\t\t\t\t<img fetchpriority=\"high\" decoding=\"async\" width=\"1500\" height=\"1000\" src=\"https:\/\/conceptonayf.com\/wp-content\/uploads\/2025\/12\/2151019990-min.jpg\" class=\"attachment-full size-full wp-image-1355\" alt=\"\" srcset=\"https:\/\/conceptonayf.com\/wp-content\/uploads\/2025\/12\/2151019990-min.jpg 1500w, https:\/\/conceptonayf.com\/wp-content\/uploads\/2025\/12\/2151019990-min-600x400.jpg 600w, https:\/\/conceptonayf.com\/wp-content\/uploads\/2025\/12\/2151019990-min-300x200.jpg 300w, https:\/\/conceptonayf.com\/wp-content\/uploads\/2025\/12\/2151019990-min-1024x683.jpg 1024w, https:\/\/conceptonayf.com\/wp-content\/uploads\/2025\/12\/2151019990-min-768x512.jpg 768w\" sizes=\"(max-width: 1500px) 100vw, 1500px\" \/>\t\t\t\t\t\t\t\t\t\t\t\t\t\t\t<\/div>\n\t\t\t\t<\/div>\n\t\t\t\t\t<\/div>\n\t\t\t\t<\/div>\n\t\t<div class=\"elementor-element elementor-element-692ec67 e-con-full e-flex e-con e-parent\" data-id=\"692ec67\" data-element_type=\"container\" data-settings=\"{&quot;background_background&quot;:&quot;classic&quot;}\">\n\t\t<div class=\"elementor-element elementor-element-89ffddf e-con-full e-flex e-con e-child\" data-id=\"89ffddf\" data-element_type=\"container\">\n\t\t\t\t<div class=\"elementor-element elementor-element-c6fbdab elementor-widget elementor-widget-video\" data-id=\"c6fbdab\" data-element_type=\"widget\" data-settings=\"{&quot;youtube_url&quot;:&quot;https:\\\/\\\/www.youtube.com\\\/watch?v=XHOmBV4js_E&quot;,&quot;video_type&quot;:&quot;youtube&quot;,&quot;controls&quot;:&quot;yes&quot;}\" data-widget_type=\"video.default\">\n\t\t\t\t\t\t\t<div class=\"elementor-wrapper elementor-open-inline\">\n\t\t\t<div class=\"elementor-video\"><\/div>\t\t<\/div>\n\t\t\t\t\t\t<\/div>\n\t\t\t\t<\/div>\n\t\t\t\t<\/div>\n\t\t<div class=\"elementor-element elementor-element-cc30441 e-flex e-con-boxed e-con e-parent\" data-id=\"cc30441\" data-element_type=\"container\">\n\t\t\t\t\t<div class=\"e-con-inner\">\n\t\t<div class=\"elementor-element elementor-element-014cd9c e-con-full e-flex e-con e-child\" data-id=\"014cd9c\" data-element_type=\"container\">\n\t\t<div class=\"elementor-element elementor-element-732bc9d e-con-full e-flex e-con e-child\" data-id=\"732bc9d\" data-element_type=\"container\">\n\t\t\t\t<div class=\"elementor-element elementor-element-078e61c elementor-widget elementor-widget-text-editor\" data-id=\"078e61c\" data-element_type=\"widget\" data-widget_type=\"text-editor.default\">\n\t\t\t\t\t\t\t\t\t<p>It hosts exhibitions, workshops, creative processes, gatherings, talks, and activities aimed at bringing art closer to the community through an accessible, warm, and authentic approach.<\/p>\t\t\t\t\t\t\t\t<\/div>\n\t\t\t\t<div class=\"elementor-element elementor-element-d327ea5 elementor-widget elementor-widget-text-editor\" data-id=\"d327ea5\" data-element_type=\"widget\" data-widget_type=\"text-editor.default\">\n\t\t\t\t\t\t\t\t\t<p><strong>The Art House<\/strong> es un espacio vivo, en constante movimiento, que crece con cada persona que lo habita.<\/p>\t\t\t\t\t\t\t\t<\/div>\n\t\t\t\t<\/div>\n\t\t\t\t<\/div>\n\t\t\t\t\t<\/div>\n\t\t\t\t<\/div>\n\t\t<div class=\"elementor-element elementor-element-4a81e2c e-flex e-con-boxed elementor-invisible e-con e-parent\" data-id=\"4a81e2c\" data-element_type=\"container\" data-settings=\"{&quot;animation&quot;:&quot;zoomIn&quot;}\">\n\t\t\t\t\t<div class=\"e-con-inner\">\n\t\t<div class=\"elementor-element elementor-element-38dd137e e-con-full e-flex e-con e-child\" data-id=\"38dd137e\" data-element_type=\"container\">\n\t\t<div class=\"elementor-element elementor-element-3b1517fc e-con-full e-flex e-con e-child\" data-id=\"3b1517fc\" data-element_type=\"container\">\n\t\t\t\t<div class=\"elementor-element elementor-element-77564650 elementor-widget elementor-widget-image\" data-id=\"77564650\" data-element_type=\"widget\" data-widget_type=\"image.default\">\n\t\t\t\t\t\t\t\t\t\t\t\t\t\t\t\t<a href=\"https:\/\/conceptonayf.com\/en\/talleres-seminarios-cursos\/\">\n\t\t\t\t\t\t\t<img decoding=\"async\" width=\"480\" height=\"480\" src=\"https:\/\/conceptonayf.com\/wp-content\/uploads\/2021\/02\/calligraphy-img-02.jpg\" class=\"elementor-animation-grow attachment-full size-full wp-image-542\" alt=\"\" srcset=\"https:\/\/conceptonayf.com\/wp-content\/uploads\/2021\/02\/calligraphy-img-02.jpg 480w, https:\/\/conceptonayf.com\/wp-content\/uploads\/2021\/02\/calligraphy-img-02-300x300.jpg 300w, https:\/\/conceptonayf.com\/wp-content\/uploads\/2021\/02\/calligraphy-img-02-100x100.jpg 100w, https:\/\/conceptonayf.com\/wp-content\/uploads\/2021\/02\/calligraphy-img-02-150x150.jpg 150w\" sizes=\"(max-width: 480px) 100vw, 480px\" \/>\t\t\t\t\t\t\t\t<\/a>\n\t\t\t\t\t\t\t\t\t\t\t\t\t\t\t<\/div>\n\t\t\t\t<div class=\"elementor-element elementor-element-2184dd23 elementor-widget elementor-widget-heading\" data-id=\"2184dd23\" data-element_type=\"widget\" data-widget_type=\"heading.default\">\n\t\t\t\t\t<h5 class=\"elementor-heading-title elementor-size-default\">WORKSHOPS<br>SEMINARS AND COURSES<\/h5>\t\t\t\t<\/div>\n\t\t\t\t<div class=\"elementor-element elementor-element-fbac991 elementor-widget__width-auto elementor-align-left elementor-widget elementor-widget-button\" data-id=\"fbac991\" data-element_type=\"widget\" data-widget_type=\"button.default\">\n\t\t\t\t\t\t\t\t\t\t<a class=\"elementor-button elementor-button-link elementor-size-sm elementor-animation-grow\" href=\"https:\/\/conceptonayf.com\/en\/talleres-seminarios-cursos\/\">\n\t\t\t\t\t\t<span class=\"elementor-button-content-wrapper\">\n\t\t\t\t\t\t\t\t\t<span class=\"elementor-button-text\">SEE MORE<\/span>\n\t\t\t\t\t<\/span>\n\t\t\t\t\t<\/a>\n\t\t\t\t\t\t\t\t<\/div>\n\t\t\t\t<\/div>\n\t\t<div class=\"elementor-element elementor-element-3528cf21 e-con-full e-flex e-con e-child\" data-id=\"3528cf21\" data-element_type=\"container\">\n\t\t\t\t<div class=\"elementor-element elementor-element-864302a elementor-widget elementor-widget-image\" data-id=\"864302a\" data-element_type=\"widget\" data-widget_type=\"image.default\">\n\t\t\t\t\t\t\t\t\t\t\t\t\t\t\t\t<a href=\"https:\/\/conceptonayf.com\/en\/gestion-de-eventos-en-el-espacio\/\">\n\t\t\t\t\t\t\t<img decoding=\"async\" width=\"480\" height=\"480\" src=\"https:\/\/conceptonayf.com\/wp-content\/uploads\/2020\/10\/calligraphy-artist-work-4.jpg\" class=\"elementor-animation-grow attachment-full size-full wp-image-81\" alt=\"\" srcset=\"https:\/\/conceptonayf.com\/wp-content\/uploads\/2020\/10\/calligraphy-artist-work-4.jpg 480w, https:\/\/conceptonayf.com\/wp-content\/uploads\/2020\/10\/calligraphy-artist-work-4-300x300.jpg 300w, https:\/\/conceptonayf.com\/wp-content\/uploads\/2020\/10\/calligraphy-artist-work-4-100x100.jpg 100w\" sizes=\"(max-width: 480px) 100vw, 480px\" \/>\t\t\t\t\t\t\t\t<\/a>\n\t\t\t\t\t\t\t\t\t\t\t\t\t\t\t<\/div>\n\t\t\t\t<div class=\"elementor-element elementor-element-345d862a elementor-widget elementor-widget-heading\" data-id=\"345d862a\" data-element_type=\"widget\" data-widget_type=\"heading.default\">\n\t\t\t\t\t<h5 class=\"elementor-heading-title elementor-size-default\">EVENT MANAGEMENT IN SPACE<\/h5>\t\t\t\t<\/div>\n\t\t\t\t<div class=\"elementor-element elementor-element-7b30da7 elementor-widget__width-auto elementor-align-left elementor-widget elementor-widget-button\" data-id=\"7b30da7\" data-element_type=\"widget\" data-widget_type=\"button.default\">\n\t\t\t\t\t\t\t\t\t\t<a class=\"elementor-button elementor-button-link elementor-size-sm elementor-animation-grow\" href=\"https:\/\/conceptonayf.com\/en\/gestion-de-eventos-en-el-espacio\/\">\n\t\t\t\t\t\t<span class=\"elementor-button-content-wrapper\">\n\t\t\t\t\t\t\t\t\t<span class=\"elementor-button-text\">SEE MORE<\/span>\n\t\t\t\t\t<\/span>\n\t\t\t\t\t<\/a>\n\t\t\t\t\t\t\t\t<\/div>\n\t\t\t\t<\/div>\n\t\t\t\t<\/div>\n\t\t<div class=\"elementor-element elementor-element-68f0fac e-con-full e-flex e-con e-child\" data-id=\"68f0fac\" data-element_type=\"container\">\n\t\t<div class=\"elementor-element elementor-element-6769587 e-con-full e-flex e-con e-child\" data-id=\"6769587\" data-element_type=\"container\">\n\t\t\t\t<div class=\"elementor-element elementor-element-dc0fec2 elementor-widget elementor-widget-image\" data-id=\"dc0fec2\" data-element_type=\"widget\" data-widget_type=\"image.default\">\n\t\t\t\t\t\t\t\t\t\t\t\t\t\t\t\t<a href=\"https:\/\/conceptonayf.com\/en\/concursos-exposiciones\/\">\n\t\t\t\t\t\t\t<img loading=\"lazy\" decoding=\"async\" width=\"480\" height=\"480\" src=\"https:\/\/conceptonayf.com\/wp-content\/uploads\/2020\/10\/calligraphy-artist-work-3.jpg\" class=\"elementor-animation-grow attachment-full size-full wp-image-80\" alt=\"\" srcset=\"https:\/\/conceptonayf.com\/wp-content\/uploads\/2020\/10\/calligraphy-artist-work-3.jpg 480w, https:\/\/conceptonayf.com\/wp-content\/uploads\/2020\/10\/calligraphy-artist-work-3-300x300.jpg 300w, https:\/\/conceptonayf.com\/wp-content\/uploads\/2020\/10\/calligraphy-artist-work-3-100x100.jpg 100w\" sizes=\"(max-width: 480px) 100vw, 480px\" \/>\t\t\t\t\t\t\t\t<\/a>\n\t\t\t\t\t\t\t\t\t\t\t\t\t\t\t<\/div>\n\t\t\t\t<div class=\"elementor-element elementor-element-6ccbefa elementor-widget elementor-widget-heading\" data-id=\"6ccbefa\" data-element_type=\"widget\" data-widget_type=\"heading.default\">\n\t\t\t\t\t<h5 class=\"elementor-heading-title elementor-size-default\">COMPETITIONS \/ EXHIBITIONS<\/h5>\t\t\t\t<\/div>\n\t\t\t\t<div class=\"elementor-element elementor-element-02cadd1 elementor-widget__width-auto elementor-align-left elementor-widget elementor-widget-button\" data-id=\"02cadd1\" data-element_type=\"widget\" data-widget_type=\"button.default\">\n\t\t\t\t\t\t\t\t\t\t<a class=\"elementor-button elementor-button-link elementor-size-sm elementor-animation-grow\" href=\"https:\/\/conceptonayf.com\/en\/concursos-exposiciones\/\">\n\t\t\t\t\t\t<span class=\"elementor-button-content-wrapper\">\n\t\t\t\t\t\t\t\t\t<span class=\"elementor-button-text\">SEE MORE<\/span>\n\t\t\t\t\t<\/span>\n\t\t\t\t\t<\/a>\n\t\t\t\t\t\t\t\t<\/div>\n\t\t\t\t<\/div>\n\t\t<div class=\"elementor-element elementor-element-34b2b64 e-con-full e-flex e-con e-child\" data-id=\"34b2b64\" data-element_type=\"container\">\n\t\t\t\t<div class=\"elementor-element elementor-element-78c39c6 elementor-widget elementor-widget-image\" data-id=\"78c39c6\" data-element_type=\"widget\" data-widget_type=\"image.default\">\n\t\t\t\t\t\t\t\t\t\t\t\t\t\t\t\t<a href=\"https:\/\/conceptonayf.com\/en\/salidas-a-recorridos-de-galerias-buenos-aires\/\">\n\t\t\t\t\t\t\t<img decoding=\"async\" width=\"480\" height=\"480\" src=\"https:\/\/conceptonayf.com\/wp-content\/uploads\/2020\/10\/calligraphy-artist-work-4.jpg\" class=\"elementor-animation-grow attachment-full size-full wp-image-81\" alt=\"\" srcset=\"https:\/\/conceptonayf.com\/wp-content\/uploads\/2020\/10\/calligraphy-artist-work-4.jpg 480w, https:\/\/conceptonayf.com\/wp-content\/uploads\/2020\/10\/calligraphy-artist-work-4-300x300.jpg 300w, https:\/\/conceptonayf.com\/wp-content\/uploads\/2020\/10\/calligraphy-artist-work-4-100x100.jpg 100w\" sizes=\"(max-width: 480px) 100vw, 480px\" \/>\t\t\t\t\t\t\t\t<\/a>\n\t\t\t\t\t\t\t\t\t\t\t\t\t\t\t<\/div>\n\t\t\t\t<div class=\"elementor-element elementor-element-aba0e3c elementor-widget elementor-widget-heading\" data-id=\"aba0e3c\" data-element_type=\"widget\" data-widget_type=\"heading.default\">\n\t\t\t\t\t<h5 class=\"elementor-heading-title elementor-size-default\">GALLERY TOURS\n<br>(BUENOS AIRES)<\/h5>\t\t\t\t<\/div>\n\t\t\t\t<div class=\"elementor-element elementor-element-08831c1 elementor-widget__width-auto elementor-align-left elementor-widget elementor-widget-button\" data-id=\"08831c1\" data-element_type=\"widget\" data-widget_type=\"button.default\">\n\t\t\t\t\t\t\t\t\t\t<a class=\"elementor-button elementor-button-link elementor-size-sm elementor-animation-grow\" href=\"https:\/\/conceptonayf.com\/en\/salidas-a-recorridos-de-galerias-buenos-aires\/\">\n\t\t\t\t\t\t<span class=\"elementor-button-content-wrapper\">\n\t\t\t\t\t\t\t\t\t<span class=\"elementor-button-text\">SEE MORE<\/span>\n\t\t\t\t\t<\/span>\n\t\t\t\t\t<\/a>\n\t\t\t\t\t\t\t\t<\/div>\n\t\t\t\t<\/div>\n\t\t\t\t<\/div>\n\t\t\t\t\t<\/div>\n\t\t\t\t<\/div>\n\t\t\t\t<\/div>","protected":false},"excerpt":{"rendered":"<p>Centro Cultural nayf CASA DE ARTE &#8211; GASC\u00d3N 2030 La Casa de arte es el coraz\u00f3n de CONCEPTO NAYF Un espacio cultural abierto, \u00edntimo y din\u00e1mico, pensado para que la creatividad circule libremente. Ubicada en Gasc\u00f3n 2030, Mar del Plata, la casa funciona como un punto de encuentro donde artistas, estudiantes y p\u00fablico general pueden [&hellip;]<\/p>","protected":false},"author":1,"featured_media":0,"parent":0,"menu_order":0,"comment_status":"closed","ping_status":"closed","template":"","meta":{"site-sidebar-layout":"no-sidebar","site-content-layout":"page-builder","ast-site-content-layout":"default","site-content-style":"default","site-sidebar-style":"default","ast-global-header-display":"","ast-banner-title-visibility":"","ast-main-header-display":"","ast-hfb-above-header-display":"","ast-hfb-below-header-display":"","ast-hfb-mobile-header-display":"","site-post-title":"disabled","ast-breadcrumbs-content":"","ast-featured-img":"disabled","footer-sml-layout":"","theme-transparent-header-meta":"enabled","adv-header-id-meta":"","stick-header-meta":"","header-above-stick-meta":"","header-main-stick-meta":"","header-below-stick-meta":"","astra-migrate-meta-layouts":"default","ast-page-background-enabled":"default","ast-page-background-meta":{"desktop":{"background-color":"","background-image":"","background-repeat":"repeat","background-position":"center center","background-size":"auto","background-attachment":"scroll","background-type":"","background-media":"","overlay-type":"","overlay-color":"","overlay-opacity":"","overlay-gradient":""},"tablet":{"background-color":"","background-image":"","background-repeat":"repeat","background-position":"center center","background-size":"auto","background-attachment":"scroll","background-type":"","background-media":"","overlay-type":"","overlay-color":"","overlay-opacity":"","overlay-gradient":""},"mobile":{"background-color":"","background-image":"","background-repeat":"repeat","background-position":"center center","background-size":"auto","background-attachment":"scroll","background-type":"","background-media":"","overlay-type":"","overlay-color":"","overlay-opacity":"","overlay-gradient":""}},"ast-content-background-meta":{"desktop":{"background-color":"var(--ast-global-color-5)","background-image":"","background-repeat":"repeat","background-position":"center center","background-size":"auto","background-attachment":"scroll","background-type":"","background-media":"","overlay-type":"","overlay-color":"","overlay-opacity":"","overlay-gradient":""},"tablet":{"background-color":"var(--ast-global-color-5)","background-image":"","background-repeat":"repeat","background-position":"center center","background-size":"auto","background-attachment":"scroll","background-type":"","background-media":"","overlay-type":"","overlay-color":"","overlay-opacity":"","overlay-gradient":""},"mobile":{"background-color":"var(--ast-global-color-5)","background-image":"","background-repeat":"repeat","background-position":"center center","background-size":"auto","background-attachment":"scroll","background-type":"","background-media":"","overlay-type":"","overlay-color":"","overlay-opacity":"","overlay-gradient":""}},"footnotes":""},"class_list":["post-1441","page","type-page","status-publish","hentry"],"_links":{"self":[{"href":"https:\/\/conceptonayf.com\/en\/wp-json\/wp\/v2\/pages\/1441","targetHints":{"allow":["GET"]}}],"collection":[{"href":"https:\/\/conceptonayf.com\/en\/wp-json\/wp\/v2\/pages"}],"about":[{"href":"https:\/\/conceptonayf.com\/en\/wp-json\/wp\/v2\/types\/page"}],"author":[{"embeddable":true,"href":"https:\/\/conceptonayf.com\/en\/wp-json\/wp\/v2\/users\/1"}],"replies":[{"embeddable":true,"href":"https:\/\/conceptonayf.com\/en\/wp-json\/wp\/v2\/comments?post=1441"}],"version-history":[{"count":58,"href":"https:\/\/conceptonayf.com\/en\/wp-json\/wp\/v2\/pages\/1441\/revisions"}],"predecessor-version":[{"id":1914,"href":"https:\/\/conceptonayf.com\/en\/wp-json\/wp\/v2\/pages\/1441\/revisions\/1914"}],"wp:attachment":[{"href":"https:\/\/conceptonayf.com\/en\/wp-json\/wp\/v2\/media?parent=1441"}],"curies":[{"name":"wp","href":"https:\/\/api.w.org\/{rel}","templated":true}]}}