{"id":1280,"date":"2025-12-05T01:11:08","date_gmt":"2025-12-05T01:11:08","guid":{"rendered":"https:\/\/conceptonayf.com\/?page_id=1280"},"modified":"2025-12-14T16:47:02","modified_gmt":"2025-12-14T19:47:02","slug":"galeria-virtual","status":"publish","type":"page","link":"https:\/\/conceptonayf.com\/en\/galeria-virtual\/","title":{"rendered":"Virtual Gallery"},"content":{"rendered":"<div data-elementor-type=\"wp-page\" data-elementor-id=\"1280\" class=\"elementor elementor-1280\">\n\t\t\t\t<div class=\"elementor-element elementor-element-566b1bc5 e-flex e-con-boxed e-con e-parent\" data-id=\"566b1bc5\" data-element_type=\"container\" data-settings=\"{&quot;background_background&quot;:&quot;classic&quot;}\">\n\t\t\t\t\t<div class=\"e-con-inner\">\n\t\t<div class=\"elementor-element elementor-element-595511a8 e-con-full e-flex e-con e-child\" data-id=\"595511a8\" data-element_type=\"container\">\n\t\t\t\t<div class=\"elementor-element elementor-element-17346a38 elementor-widget elementor-widget-heading\" data-id=\"17346a38\" data-element_type=\"widget\" data-widget_type=\"heading.default\">\n\t\t\t\t\t<h2 class=\"elementor-heading-title elementor-size-default\">VIRTUAL GALLERY<\/h2>\t\t\t\t<\/div>\n\t\t\t\t<\/div>\n\t\t\t\t\t<\/div>\n\t\t\t\t<\/div>\n\t\t<div class=\"elementor-element elementor-element-0697f7c e-flex e-con-boxed e-con e-parent\" data-id=\"0697f7c\" data-element_type=\"container\" id=\"quienesSomos\" data-settings=\"{&quot;background_background&quot;:&quot;classic&quot;}\">\n\t\t\t\t\t<div class=\"e-con-inner\">\n\t\t<div class=\"elementor-element elementor-element-f879f26 e-con-full e-flex e-con e-child\" data-id=\"f879f26\" data-element_type=\"container\">\n\t\t\t\t<div class=\"elementor-element elementor-element-8a53212 elementor-widget elementor-widget-heading\" data-id=\"8a53212\" data-element_type=\"widget\" data-widget_type=\"heading.default\">\n\t\t\t\t\t<div class=\"elementor-heading-title elementor-size-default\">The Virtual Gallery at CONCEPTO NAYF is a digital space that showcases works by local and contemporary artists, allowing exhibitions to extend beyond the physical venue.<\/div>\t\t\t\t<\/div>\n\t\t\t\t<div class=\"elementor-element elementor-element-5a0cd06 elementor-widget elementor-widget-text-editor\" data-id=\"5a0cd06\" data-element_type=\"widget\" data-widget_type=\"text-editor.default\">\n\t\t\t\t\t\t\t\t\t<p>Here, visitors can explore projects, collections, and selected pieces from anywhere, offering greater reach and visibility for artistic work.<\/p><p>The Virtual Gallery aims to bring art to new audiences and expand opportunities for connection between artists and viewers.<\/p>\t\t\t\t\t\t\t\t<\/div>\n\t\t\t\t<\/div>\n\t\t\t\t\t<\/div>\n\t\t\t\t<\/div>\n\t\t<div class=\"elementor-element elementor-element-df28cf7 e-flex e-con-boxed e-con e-parent\" data-id=\"df28cf7\" data-element_type=\"container\" data-settings=\"{&quot;background_background&quot;:&quot;classic&quot;}\">\n\t\t\t\t\t<div class=\"e-con-inner\">\n\t\t<div class=\"elementor-element elementor-element-f55ce45 e-con-full e-flex e-con e-child\" data-id=\"f55ce45\" data-element_type=\"container\">\n\t\t\t\t<div class=\"elementor-element elementor-element-68a18c8 gallery-spacing-custom elementor-invisible elementor-widget elementor-widget-image-gallery\" data-id=\"68a18c8\" data-element_type=\"widget\" data-settings=\"{&quot;_animation&quot;:&quot;zoomIn&quot;}\" data-widget_type=\"image-gallery.default\">\n\t\t\t\t\t\t\t<div class=\"elementor-image-gallery\">\n\t\t\t<div id='gallery-1' class='gallery galleryid-1280 gallery-columns-3 gallery-size-medium_large'><figure class='gallery-item'>\n\t\t\t<div class='gallery-icon landscape'>\n\t\t\t\t<a data-elementor-open-lightbox=\"yes\" data-elementor-lightbox-slideshow=\"68a18c8\" data-elementor-lightbox-title=\"calligraphy-img-02\" data-e-action-hash=\"#elementor-action%3Aaction%3Dlightbox%26settings%3DeyJpZCI6NTQyLCJ1cmwiOiJodHRwczpcL1wvY29uY2VwdG9uYXlmLmNvbVwvd3AtY29udGVudFwvdXBsb2Fkc1wvMjAyMVwvMDJcL2NhbGxpZ3JhcGh5LWltZy0wMi5qcGciLCJzbGlkZXNob3ciOiI2OGExOGM4In0%3D\" href='https:\/\/conceptonayf.com\/wp-content\/uploads\/2021\/02\/calligraphy-img-02.jpg'><img fetchpriority=\"high\" decoding=\"async\" width=\"480\" height=\"480\" src=\"https:\/\/conceptonayf.com\/wp-content\/uploads\/2021\/02\/calligraphy-img-02.jpg\" class=\"attachment-medium_large size-medium_large\" alt=\"\" srcset=\"https:\/\/conceptonayf.com\/wp-content\/uploads\/2021\/02\/calligraphy-img-02.jpg 480w, https:\/\/conceptonayf.com\/wp-content\/uploads\/2021\/02\/calligraphy-img-02-300x300.jpg 300w, https:\/\/conceptonayf.com\/wp-content\/uploads\/2021\/02\/calligraphy-img-02-100x100.jpg 100w, https:\/\/conceptonayf.com\/wp-content\/uploads\/2021\/02\/calligraphy-img-02-150x150.jpg 150w\" sizes=\"(max-width: 480px) 100vw, 480px\" \/><\/a>\n\t\t\t<\/div><\/figure><figure class='gallery-item'>\n\t\t\t<div class='gallery-icon landscape'>\n\t\t\t\t<a data-elementor-open-lightbox=\"yes\" data-elementor-lightbox-slideshow=\"68a18c8\" data-elementor-lightbox-title=\"calligraphy-img-03\" data-e-action-hash=\"#elementor-action%3Aaction%3Dlightbox%26settings%3DeyJpZCI6NTE4LCJ1cmwiOiJodHRwczpcL1wvY29uY2VwdG9uYXlmLmNvbVwvd3AtY29udGVudFwvdXBsb2Fkc1wvMjAyMVwvMDJcL2NhbGxpZ3JhcGh5LWltZy0wMy5qcGciLCJzbGlkZXNob3ciOiI2OGExOGM4In0%3D\" href='https:\/\/conceptonayf.com\/wp-content\/uploads\/2021\/02\/calligraphy-img-03.jpg'><img decoding=\"async\" width=\"480\" height=\"480\" src=\"https:\/\/conceptonayf.com\/wp-content\/uploads\/2021\/02\/calligraphy-img-03.jpg\" class=\"attachment-medium_large size-medium_large\" alt=\"\" srcset=\"https:\/\/conceptonayf.com\/wp-content\/uploads\/2021\/02\/calligraphy-img-03.jpg 480w, https:\/\/conceptonayf.com\/wp-content\/uploads\/2021\/02\/calligraphy-img-03-300x300.jpg 300w, https:\/\/conceptonayf.com\/wp-content\/uploads\/2021\/02\/calligraphy-img-03-100x100.jpg 100w, https:\/\/conceptonayf.com\/wp-content\/uploads\/2021\/02\/calligraphy-img-03-150x150.jpg 150w\" sizes=\"(max-width: 480px) 100vw, 480px\" \/><\/a>\n\t\t\t<\/div><\/figure><figure class='gallery-item'>\n\t\t\t<div class='gallery-icon landscape'>\n\t\t\t\t<a data-elementor-open-lightbox=\"yes\" data-elementor-lightbox-slideshow=\"68a18c8\" data-elementor-lightbox-title=\"calligraphy-artist-work-12\" data-e-action-hash=\"#elementor-action%3Aaction%3Dlightbox%26settings%3DeyJpZCI6MjM0LCJ1cmwiOiJodHRwczpcL1wvY29uY2VwdG9uYXlmLmNvbVwvd3AtY29udGVudFwvdXBsb2Fkc1wvMjAyMFwvMTBcL2NhbGxpZ3JhcGh5LWFydGlzdC13b3JrLTEyLmpwZyIsInNsaWRlc2hvdyI6IjY4YTE4YzgifQ%3D%3D\" href='https:\/\/conceptonayf.com\/wp-content\/uploads\/2020\/10\/calligraphy-artist-work-12.jpg'><img decoding=\"async\" width=\"480\" height=\"480\" src=\"https:\/\/conceptonayf.com\/wp-content\/uploads\/2020\/10\/calligraphy-artist-work-12.jpg\" class=\"attachment-medium_large size-medium_large\" alt=\"\" srcset=\"https:\/\/conceptonayf.com\/wp-content\/uploads\/2020\/10\/calligraphy-artist-work-12.jpg 480w, https:\/\/conceptonayf.com\/wp-content\/uploads\/2020\/10\/calligraphy-artist-work-12-300x300.jpg 300w, https:\/\/conceptonayf.com\/wp-content\/uploads\/2020\/10\/calligraphy-artist-work-12-100x100.jpg 100w, https:\/\/conceptonayf.com\/wp-content\/uploads\/2020\/10\/calligraphy-artist-work-12-150x150.jpg 150w\" sizes=\"(max-width: 480px) 100vw, 480px\" \/><\/a>\n\t\t\t<\/div><\/figure><figure class='gallery-item'>\n\t\t\t<div class='gallery-icon landscape'>\n\t\t\t\t<a data-elementor-open-lightbox=\"yes\" data-elementor-lightbox-slideshow=\"68a18c8\" data-elementor-lightbox-title=\"calligraphy-artist-work-10\" data-e-action-hash=\"#elementor-action%3Aaction%3Dlightbox%26settings%3DeyJpZCI6MjQwLCJ1cmwiOiJodHRwczpcL1wvY29uY2VwdG9uYXlmLmNvbVwvd3AtY29udGVudFwvdXBsb2Fkc1wvMjAyMFwvMTBcL2NhbGxpZ3JhcGh5LWFydGlzdC13b3JrLTEwLmpwZyIsInNsaWRlc2hvdyI6IjY4YTE4YzgifQ%3D%3D\" href='https:\/\/conceptonayf.com\/wp-content\/uploads\/2020\/10\/calligraphy-artist-work-10.jpg'><img loading=\"lazy\" decoding=\"async\" width=\"480\" height=\"480\" src=\"https:\/\/conceptonayf.com\/wp-content\/uploads\/2020\/10\/calligraphy-artist-work-10.jpg\" class=\"attachment-medium_large size-medium_large\" alt=\"\" srcset=\"https:\/\/conceptonayf.com\/wp-content\/uploads\/2020\/10\/calligraphy-artist-work-10.jpg 480w, https:\/\/conceptonayf.com\/wp-content\/uploads\/2020\/10\/calligraphy-artist-work-10-300x300.jpg 300w, https:\/\/conceptonayf.com\/wp-content\/uploads\/2020\/10\/calligraphy-artist-work-10-100x100.jpg 100w, https:\/\/conceptonayf.com\/wp-content\/uploads\/2020\/10\/calligraphy-artist-work-10-150x150.jpg 150w\" sizes=\"(max-width: 480px) 100vw, 480px\" \/><\/a>\n\t\t\t<\/div><\/figure><figure class='gallery-item'>\n\t\t\t<div class='gallery-icon landscape'>\n\t\t\t\t<a data-elementor-open-lightbox=\"yes\" data-elementor-lightbox-slideshow=\"68a18c8\" data-elementor-lightbox-title=\"calligraphy-artist-work-9\" data-e-action-hash=\"#elementor-action%3Aaction%3Dlightbox%26settings%3DeyJpZCI6MjM5LCJ1cmwiOiJodHRwczpcL1wvY29uY2VwdG9uYXlmLmNvbVwvd3AtY29udGVudFwvdXBsb2Fkc1wvMjAyMFwvMTBcL2NhbGxpZ3JhcGh5LWFydGlzdC13b3JrLTkuanBnIiwic2xpZGVzaG93IjoiNjhhMThjOCJ9\" href='https:\/\/conceptonayf.com\/wp-content\/uploads\/2020\/10\/calligraphy-artist-work-9.jpg'><img loading=\"lazy\" decoding=\"async\" width=\"480\" height=\"480\" src=\"https:\/\/conceptonayf.com\/wp-content\/uploads\/2020\/10\/calligraphy-artist-work-9.jpg\" class=\"attachment-medium_large size-medium_large\" alt=\"\" srcset=\"https:\/\/conceptonayf.com\/wp-content\/uploads\/2020\/10\/calligraphy-artist-work-9.jpg 480w, https:\/\/conceptonayf.com\/wp-content\/uploads\/2020\/10\/calligraphy-artist-work-9-300x300.jpg 300w, https:\/\/conceptonayf.com\/wp-content\/uploads\/2020\/10\/calligraphy-artist-work-9-100x100.jpg 100w, https:\/\/conceptonayf.com\/wp-content\/uploads\/2020\/10\/calligraphy-artist-work-9-150x150.jpg 150w\" sizes=\"(max-width: 480px) 100vw, 480px\" \/><\/a>\n\t\t\t<\/div><\/figure><figure class='gallery-item'>\n\t\t\t<div class='gallery-icon landscape'>\n\t\t\t\t<a data-elementor-open-lightbox=\"yes\" data-elementor-lightbox-slideshow=\"68a18c8\" data-elementor-lightbox-title=\"calligraphy-artist-work-8\" data-e-action-hash=\"#elementor-action%3Aaction%3Dlightbox%26settings%3DeyJpZCI6MjM4LCJ1cmwiOiJodHRwczpcL1wvY29uY2VwdG9uYXlmLmNvbVwvd3AtY29udGVudFwvdXBsb2Fkc1wvMjAyMFwvMTBcL2NhbGxpZ3JhcGh5LWFydGlzdC13b3JrLTguanBnIiwic2xpZGVzaG93IjoiNjhhMThjOCJ9\" href='https:\/\/conceptonayf.com\/wp-content\/uploads\/2020\/10\/calligraphy-artist-work-8.jpg'><img loading=\"lazy\" decoding=\"async\" width=\"480\" height=\"480\" src=\"https:\/\/conceptonayf.com\/wp-content\/uploads\/2020\/10\/calligraphy-artist-work-8.jpg\" class=\"attachment-medium_large size-medium_large\" alt=\"\" srcset=\"https:\/\/conceptonayf.com\/wp-content\/uploads\/2020\/10\/calligraphy-artist-work-8.jpg 480w, https:\/\/conceptonayf.com\/wp-content\/uploads\/2020\/10\/calligraphy-artist-work-8-300x300.jpg 300w, https:\/\/conceptonayf.com\/wp-content\/uploads\/2020\/10\/calligraphy-artist-work-8-100x100.jpg 100w, https:\/\/conceptonayf.com\/wp-content\/uploads\/2020\/10\/calligraphy-artist-work-8-150x150.jpg 150w\" sizes=\"(max-width: 480px) 100vw, 480px\" \/><\/a>\n\t\t\t<\/div><\/figure>\n\t\t<\/div>\n\t\t<\/div>\n\t\t\t\t\t\t<\/div>\n\t\t\t\t<\/div>\n\t\t\t\t\t<\/div>\n\t\t\t\t<\/div>\n\t\t\t\t<\/div>","protected":false},"excerpt":{"rendered":"<p>GALERIA VIRTUAL La Galer\u00eda Virtual de CONCEPTO NAYF es un espacio digital que re\u00fane obras de artistas locales y contempor\u00e1neos, permitiendo que las exposiciones trasciendan lo presencial. Aqu\u00ed se presentan proyectos, colecciones y piezas seleccionadas que pueden explorarse desde cualquier lugar, brindando mayor alcance y visibilidad al trabajo art\u00edstico. La Galer\u00eda Virtual busca acercar el [&hellip;]<\/p>","protected":false},"author":1,"featured_media":0,"parent":0,"menu_order":0,"comment_status":"closed","ping_status":"closed","template":"","meta":{"site-sidebar-layout":"no-sidebar","site-content-layout":"page-builder","ast-site-content-layout":"default","site-content-style":"default","site-sidebar-style":"default","ast-global-header-display":"","ast-banner-title-visibility":"","ast-main-header-display":"","ast-hfb-above-header-display":"","ast-hfb-below-header-display":"","ast-hfb-mobile-header-display":"","site-post-title":"disabled","ast-breadcrumbs-content":"","ast-featured-img":"disabled","footer-sml-layout":"","theme-transparent-header-meta":"enabled","adv-header-id-meta":"","stick-header-meta":"","header-above-stick-meta":"","header-main-stick-meta":"","header-below-stick-meta":"","astra-migrate-meta-layouts":"default","ast-page-background-enabled":"default","ast-page-background-meta":{"desktop":{"background-color":"","background-image":"","background-repeat":"repeat","background-position":"center center","background-size":"auto","background-attachment":"scroll","background-type":"","background-media":"","overlay-type":"","overlay-color":"","overlay-opacity":"","overlay-gradient":""},"tablet":{"background-color":"","background-image":"","background-repeat":"repeat","background-position":"center center","background-size":"auto","background-attachment":"scroll","background-type":"","background-media":"","overlay-type":"","overlay-color":"","overlay-opacity":"","overlay-gradient":""},"mobile":{"background-color":"","background-image":"","background-repeat":"repeat","background-position":"center center","background-size":"auto","background-attachment":"scroll","background-type":"","background-media":"","overlay-type":"","overlay-color":"","overlay-opacity":"","overlay-gradient":""}},"ast-content-background-meta":{"desktop":{"background-color":"var(--ast-global-color-5)","background-image":"","background-repeat":"repeat","background-position":"center center","background-size":"auto","background-attachment":"scroll","background-type":"","background-media":"","overlay-type":"","overlay-color":"","overlay-opacity":"","overlay-gradient":""},"tablet":{"background-color":"var(--ast-global-color-5)","background-image":"","background-repeat":"repeat","background-position":"center center","background-size":"auto","background-attachment":"scroll","background-type":"","background-media":"","overlay-type":"","overlay-color":"","overlay-opacity":"","overlay-gradient":""},"mobile":{"background-color":"var(--ast-global-color-5)","background-image":"","background-repeat":"repeat","background-position":"center center","background-size":"auto","background-attachment":"scroll","background-type":"","background-media":"","overlay-type":"","overlay-color":"","overlay-opacity":"","overlay-gradient":""}},"footnotes":""},"class_list":["post-1280","page","type-page","status-publish","hentry"],"_links":{"self":[{"href":"https:\/\/conceptonayf.com\/en\/wp-json\/wp\/v2\/pages\/1280","targetHints":{"allow":["GET"]}}],"collection":[{"href":"https:\/\/conceptonayf.com\/en\/wp-json\/wp\/v2\/pages"}],"about":[{"href":"https:\/\/conceptonayf.com\/en\/wp-json\/wp\/v2\/types\/page"}],"author":[{"embeddable":true,"href":"https:\/\/conceptonayf.com\/en\/wp-json\/wp\/v2\/users\/1"}],"replies":[{"embeddable":true,"href":"https:\/\/conceptonayf.com\/en\/wp-json\/wp\/v2\/comments?post=1280"}],"version-history":[{"count":16,"href":"https:\/\/conceptonayf.com\/en\/wp-json\/wp\/v2\/pages\/1280\/revisions"}],"predecessor-version":[{"id":1578,"href":"https:\/\/conceptonayf.com\/en\/wp-json\/wp\/v2\/pages\/1280\/revisions\/1578"}],"wp:attachment":[{"href":"https:\/\/conceptonayf.com\/en\/wp-json\/wp\/v2\/media?parent=1280"}],"curies":[{"name":"wp","href":"https:\/\/api.w.org\/{rel}","templated":true}]}}