{"id":1259,"date":"2025-12-05T00:57:46","date_gmt":"2025-12-05T00:57:46","guid":{"rendered":"https:\/\/conceptonayf.com\/?page_id=1259"},"modified":"2026-04-08T23:56:33","modified_gmt":"2026-04-09T02:56:33","slug":"gestion-de-eventos-en-el-espacio","status":"publish","type":"page","link":"https:\/\/conceptonayf.com\/en\/gestion-de-eventos-en-el-espacio\/","title":{"rendered":"Event management in the space"},"content":{"rendered":"<div data-elementor-type=\"wp-page\" data-elementor-id=\"1259\" class=\"elementor elementor-1259\">\n\t\t\t\t<div class=\"elementor-element elementor-element-bb77b9e e-flex e-con-boxed e-con e-parent\" data-id=\"bb77b9e\" data-element_type=\"container\" data-settings=\"{&quot;background_background&quot;:&quot;classic&quot;}\">\n\t\t\t\t\t<div class=\"e-con-inner\">\n\t\t<div class=\"elementor-element elementor-element-c97cd60 e-con-full e-flex e-con e-child\" data-id=\"c97cd60\" data-element_type=\"container\">\n\t\t\t\t<div class=\"elementor-element elementor-element-b6e05d8 elementor-widget elementor-widget-heading\" data-id=\"b6e05d8\" data-element_type=\"widget\" data-widget_type=\"heading.default\">\n\t\t\t\t\t<h3 class=\"elementor-heading-title elementor-size-default\">EVENT MANAGEMENT IN SPACE <\/h3>\t\t\t\t<\/div>\n\t\t\t\t<\/div>\n\t\t\t\t\t<\/div>\n\t\t\t\t<\/div>\n\t\t<div class=\"elementor-element elementor-element-50994a6 e-flex e-con-boxed e-con e-parent\" data-id=\"50994a6\" data-element_type=\"container\" data-settings=\"{&quot;background_background&quot;:&quot;classic&quot;}\">\n\t\t\t\t\t<div class=\"e-con-inner\">\n\t\t\t\t<div class=\"elementor-element elementor-element-e86b29a elementor-widget elementor-widget-text-editor\" data-id=\"e86b29a\" data-element_type=\"widget\" data-widget_type=\"text-editor.default\">\n\t\t\t\t\t\t\t\t\t<p>The space is available for artists, collectives, and institutions interested in hosting presentations, exhibitions, gatherings, or special activities.<br \/><br \/>We support each project from planning to execution, offering guidance, technical assistance, and a welcoming environment that adapts to multiple formats.<br \/><br \/>The house provides an intimate and versatile setting, ideal for cultural, educational, or creative events.<\/p>\t\t\t\t\t\t\t\t<\/div>\n\t\t\t\t\t<\/div>\n\t\t\t\t<\/div>\n\t\t<div class=\"elementor-element elementor-element-314c69d e-flex e-con-boxed e-con e-parent\" data-id=\"314c69d\" data-element_type=\"container\">\n\t\t\t\t\t<div class=\"e-con-inner\">\n\t\t<div class=\"elementor-element elementor-element-f641bc8 e-con-full e-flex e-con e-child\" data-id=\"f641bc8\" data-element_type=\"container\">\n\t\t<div class=\"elementor-element elementor-element-6e212c3 e-con-full e-flex e-con e-child\" data-id=\"6e212c3\" data-element_type=\"container\">\n\t\t\t\t<div class=\"elementor-element elementor-element-88553a2 elementor-widget elementor-widget-image\" data-id=\"88553a2\" data-element_type=\"widget\" data-widget_type=\"image.default\">\n\t\t\t\t\t\t\t\t\t\t\t\t\t\t\t<img fetchpriority=\"high\" decoding=\"async\" width=\"1875\" height=\"2500\" src=\"https:\/\/conceptonayf.com\/wp-content\/uploads\/2026\/04\/1.jpg\" class=\"attachment-full size-full wp-image-1883\" alt=\"\" srcset=\"https:\/\/conceptonayf.com\/wp-content\/uploads\/2026\/04\/1.jpg 1875w, https:\/\/conceptonayf.com\/wp-content\/uploads\/2026\/04\/1-225x300.jpg 225w, https:\/\/conceptonayf.com\/wp-content\/uploads\/2026\/04\/1-768x1024.jpg 768w, https:\/\/conceptonayf.com\/wp-content\/uploads\/2026\/04\/1-1152x1536.jpg 1152w, https:\/\/conceptonayf.com\/wp-content\/uploads\/2026\/04\/1-1536x2048.jpg 1536w, https:\/\/conceptonayf.com\/wp-content\/uploads\/2026\/04\/1-9x12.jpg 9w, https:\/\/conceptonayf.com\/wp-content\/uploads\/2026\/04\/1-600x800.jpg 600w\" sizes=\"(max-width: 1875px) 100vw, 1875px\" \/>\t\t\t\t\t\t\t\t\t\t\t\t\t\t\t<\/div>\n\t\t\t\t<\/div>\n\t\t<div class=\"elementor-element elementor-element-e5fa820 e-con-full e-flex e-con e-child\" data-id=\"e5fa820\" data-element_type=\"container\">\n\t\t\t\t<div class=\"elementor-element elementor-element-c879ed4 elementor-widget elementor-widget-heading\" data-id=\"c879ed4\" data-element_type=\"widget\" data-widget_type=\"heading.default\">\n\t\t\t\t\t<h4 class=\"elementor-heading-title elementor-size-default\">Fiesta Veneciana, junto al sexteto de Tango Desalmar<\/h4>\t\t\t\t<\/div>\n\t\t\t\t<\/div>\n\t\t\t\t<\/div>\n\t\t\t\t\t<\/div>\n\t\t\t\t<\/div>\n\t\t<div class=\"elementor-element elementor-element-de90393 e-flex e-con-boxed e-con e-parent\" data-id=\"de90393\" data-element_type=\"container\">\n\t\t\t\t\t<div class=\"e-con-inner\">\n\t\t<div class=\"elementor-element elementor-element-8ff15b1 e-con-full e-flex e-con e-child\" data-id=\"8ff15b1\" data-element_type=\"container\">\n\t\t<div class=\"elementor-element elementor-element-f319708 e-con-full e-flex e-con e-child\" data-id=\"f319708\" data-element_type=\"container\">\n\t\t\t\t<div class=\"elementor-element elementor-element-715cafa elementor-widget elementor-widget-image\" data-id=\"715cafa\" data-element_type=\"widget\" data-widget_type=\"image.default\">\n\t\t\t\t\t\t\t\t\t\t\t\t\t\t\t<img decoding=\"async\" width=\"1875\" height=\"2500\" src=\"https:\/\/conceptonayf.com\/wp-content\/uploads\/2026\/04\/2.jpg\" class=\"attachment-full size-full wp-image-1884\" alt=\"\" srcset=\"https:\/\/conceptonayf.com\/wp-content\/uploads\/2026\/04\/2.jpg 1875w, https:\/\/conceptonayf.com\/wp-content\/uploads\/2026\/04\/2-225x300.jpg 225w, https:\/\/conceptonayf.com\/wp-content\/uploads\/2026\/04\/2-768x1024.jpg 768w, https:\/\/conceptonayf.com\/wp-content\/uploads\/2026\/04\/2-1152x1536.jpg 1152w, https:\/\/conceptonayf.com\/wp-content\/uploads\/2026\/04\/2-1536x2048.jpg 1536w, https:\/\/conceptonayf.com\/wp-content\/uploads\/2026\/04\/2-9x12.jpg 9w, https:\/\/conceptonayf.com\/wp-content\/uploads\/2026\/04\/2-600x800.jpg 600w\" sizes=\"(max-width: 1875px) 100vw, 1875px\" \/>\t\t\t\t\t\t\t\t\t\t\t\t\t\t\t<\/div>\n\t\t\t\t<\/div>\n\t\t<div class=\"elementor-element elementor-element-dbb6414 e-con-full e-flex e-con e-child\" data-id=\"dbb6414\" data-element_type=\"container\">\n\t\t\t\t<div class=\"elementor-element elementor-element-a6fc6b7 elementor-widget elementor-widget-heading\" data-id=\"a6fc6b7\" data-element_type=\"widget\" data-widget_type=\"heading.default\">\n\t\t\t\t\t<h4 class=\"elementor-heading-title elementor-size-default\">GERMAN SUAREZ CON SU ORGANO<\/h4>\t\t\t\t<\/div>\n\t\t\t\t<\/div>\n\t\t\t\t<\/div>\n\t\t\t\t\t<\/div>\n\t\t\t\t<\/div>\n\t\t<div class=\"elementor-element elementor-element-4549624 e-flex e-con-boxed e-con e-parent\" data-id=\"4549624\" data-element_type=\"container\">\n\t\t\t\t\t<div class=\"e-con-inner\">\n\t\t<div class=\"elementor-element elementor-element-0539a4b e-con-full e-flex e-con e-child\" data-id=\"0539a4b\" data-element_type=\"container\">\n\t\t<div class=\"elementor-element elementor-element-7a14848 e-con-full e-flex e-con e-child\" data-id=\"7a14848\" data-element_type=\"container\">\n\t\t\t\t<div class=\"elementor-element elementor-element-59679e2 elementor-widget elementor-widget-image\" data-id=\"59679e2\" data-element_type=\"widget\" data-widget_type=\"image.default\">\n\t\t\t\t\t\t\t\t\t\t\t\t\t\t\t<img decoding=\"async\" width=\"1875\" height=\"2500\" src=\"https:\/\/conceptonayf.com\/wp-content\/uploads\/2026\/04\/3.jpg\" class=\"attachment-full size-full wp-image-1885\" alt=\"\" srcset=\"https:\/\/conceptonayf.com\/wp-content\/uploads\/2026\/04\/3.jpg 1875w, https:\/\/conceptonayf.com\/wp-content\/uploads\/2026\/04\/3-225x300.jpg 225w, https:\/\/conceptonayf.com\/wp-content\/uploads\/2026\/04\/3-768x1024.jpg 768w, https:\/\/conceptonayf.com\/wp-content\/uploads\/2026\/04\/3-1152x1536.jpg 1152w, https:\/\/conceptonayf.com\/wp-content\/uploads\/2026\/04\/3-1536x2048.jpg 1536w, https:\/\/conceptonayf.com\/wp-content\/uploads\/2026\/04\/3-9x12.jpg 9w, https:\/\/conceptonayf.com\/wp-content\/uploads\/2026\/04\/3-600x800.jpg 600w\" sizes=\"(max-width: 1875px) 100vw, 1875px\" \/>\t\t\t\t\t\t\t\t\t\t\t\t\t\t\t<\/div>\n\t\t\t\t<\/div>\n\t\t<div class=\"elementor-element elementor-element-12c9198 e-con-full e-flex e-con e-child\" data-id=\"12c9198\" data-element_type=\"container\">\n\t\t\t\t<div class=\"elementor-element elementor-element-5e202b4 elementor-widget elementor-widget-heading\" data-id=\"5e202b4\" data-element_type=\"widget\" data-widget_type=\"heading.default\">\n\t\t\t\t\t<h4 class=\"elementor-heading-title elementor-size-default\">CHARLA DJ - TIERRA DE HADAS - MATIAS FONTANELLA<\/h4>\t\t\t\t<\/div>\n\t\t\t\t<\/div>\n\t\t\t\t<\/div>\n\t\t\t\t\t<\/div>\n\t\t\t\t<\/div>\n\t\t<div class=\"elementor-element elementor-element-89e1fd0 e-flex e-con-boxed e-con e-parent\" data-id=\"89e1fd0\" data-element_type=\"container\">\n\t\t\t\t\t<div class=\"e-con-inner\">\n\t\t<div class=\"elementor-element elementor-element-a176a0d e-con-full e-flex e-con e-child\" data-id=\"a176a0d\" data-element_type=\"container\">\n\t\t<div class=\"elementor-element elementor-element-2b88005 e-con-full e-flex e-con e-child\" data-id=\"2b88005\" data-element_type=\"container\">\n\t\t\t\t<div class=\"elementor-element elementor-element-e26b58d elementor-widget elementor-widget-image\" data-id=\"e26b58d\" data-element_type=\"widget\" data-widget_type=\"image.default\">\n\t\t\t\t\t\t\t\t\t\t\t\t\t\t\t<img loading=\"lazy\" decoding=\"async\" width=\"1875\" height=\"2500\" src=\"https:\/\/conceptonayf.com\/wp-content\/uploads\/2026\/04\/4.jpg\" class=\"attachment-full size-full wp-image-1886\" alt=\"\" srcset=\"https:\/\/conceptonayf.com\/wp-content\/uploads\/2026\/04\/4.jpg 1875w, https:\/\/conceptonayf.com\/wp-content\/uploads\/2026\/04\/4-225x300.jpg 225w, https:\/\/conceptonayf.com\/wp-content\/uploads\/2026\/04\/4-768x1024.jpg 768w, https:\/\/conceptonayf.com\/wp-content\/uploads\/2026\/04\/4-1152x1536.jpg 1152w, https:\/\/conceptonayf.com\/wp-content\/uploads\/2026\/04\/4-1536x2048.jpg 1536w, https:\/\/conceptonayf.com\/wp-content\/uploads\/2026\/04\/4-9x12.jpg 9w, https:\/\/conceptonayf.com\/wp-content\/uploads\/2026\/04\/4-600x800.jpg 600w\" sizes=\"(max-width: 1875px) 100vw, 1875px\" \/>\t\t\t\t\t\t\t\t\t\t\t\t\t\t\t<\/div>\n\t\t\t\t<\/div>\n\t\t<div class=\"elementor-element elementor-element-2499c8d e-con-full e-flex e-con e-child\" data-id=\"2499c8d\" data-element_type=\"container\">\n\t\t\t\t<div class=\"elementor-element elementor-element-8cfd48a elementor-widget elementor-widget-heading\" data-id=\"8cfd48a\" data-element_type=\"widget\" data-widget_type=\"heading.default\">\n\t\t\t\t\t<h4 class=\"elementor-heading-title elementor-size-default\">RONDA LITERARIA BY CRISTINA LARICE DE ROURA<\/h4>\t\t\t\t<\/div>\n\t\t\t\t<\/div>\n\t\t\t\t<\/div>\n\t\t\t\t\t<\/div>\n\t\t\t\t<\/div>\n\t\t<div class=\"elementor-element elementor-element-0de1fe1 e-flex e-con-boxed e-con e-parent\" data-id=\"0de1fe1\" data-element_type=\"container\">\n\t\t\t\t\t<div class=\"e-con-inner\">\n\t\t<div class=\"elementor-element elementor-element-4a4d812 e-con-full e-flex e-con e-child\" data-id=\"4a4d812\" data-element_type=\"container\">\n\t\t<div class=\"elementor-element elementor-element-fc1a937 e-con-full e-flex e-con e-child\" data-id=\"fc1a937\" data-element_type=\"container\">\n\t\t\t\t<div class=\"elementor-element elementor-element-1a9ed33 elementor-widget elementor-widget-image\" data-id=\"1a9ed33\" data-element_type=\"widget\" data-widget_type=\"image.default\">\n\t\t\t\t\t\t\t\t\t\t\t\t\t\t\t<img loading=\"lazy\" decoding=\"async\" width=\"1875\" height=\"2500\" src=\"https:\/\/conceptonayf.com\/wp-content\/uploads\/2026\/04\/5.jpg\" class=\"attachment-full size-full wp-image-1887\" alt=\"\" srcset=\"https:\/\/conceptonayf.com\/wp-content\/uploads\/2026\/04\/5.jpg 1875w, https:\/\/conceptonayf.com\/wp-content\/uploads\/2026\/04\/5-225x300.jpg 225w, https:\/\/conceptonayf.com\/wp-content\/uploads\/2026\/04\/5-768x1024.jpg 768w, https:\/\/conceptonayf.com\/wp-content\/uploads\/2026\/04\/5-1152x1536.jpg 1152w, https:\/\/conceptonayf.com\/wp-content\/uploads\/2026\/04\/5-1536x2048.jpg 1536w, https:\/\/conceptonayf.com\/wp-content\/uploads\/2026\/04\/5-9x12.jpg 9w, https:\/\/conceptonayf.com\/wp-content\/uploads\/2026\/04\/5-600x800.jpg 600w\" sizes=\"(max-width: 1875px) 100vw, 1875px\" \/>\t\t\t\t\t\t\t\t\t\t\t\t\t\t\t<\/div>\n\t\t\t\t<\/div>\n\t\t<div class=\"elementor-element elementor-element-8f08c32 e-con-full e-flex e-con e-child\" data-id=\"8f08c32\" data-element_type=\"container\">\n\t\t\t\t<div class=\"elementor-element elementor-element-82aba81 elementor-widget elementor-widget-heading\" data-id=\"82aba81\" data-element_type=\"widget\" data-widget_type=\"heading.default\">\n\t\t\t\t\t<h4 class=\"elementor-heading-title elementor-size-default\">TARDE DE VIOL\u00cdN - ELIZAVETA AKBALKAN<\/h4>\t\t\t\t<\/div>\n\t\t\t\t<\/div>\n\t\t\t\t<\/div>\n\t\t\t\t\t<\/div>\n\t\t\t\t<\/div>\n\t\t<div class=\"elementor-element elementor-element-7ff91d4 e-flex e-con-boxed e-con e-parent\" data-id=\"7ff91d4\" data-element_type=\"container\">\n\t\t\t\t\t<div class=\"e-con-inner\">\n\t\t<div class=\"elementor-element elementor-element-6191c42 e-con-full e-flex e-con e-child\" data-id=\"6191c42\" data-element_type=\"container\">\n\t\t<div class=\"elementor-element elementor-element-72a2795 e-con-full e-flex e-con e-child\" data-id=\"72a2795\" data-element_type=\"container\">\n\t\t\t\t<div class=\"elementor-element elementor-element-c58a3c5 elementor-widget elementor-widget-image\" data-id=\"c58a3c5\" data-element_type=\"widget\" data-widget_type=\"image.default\">\n\t\t\t\t\t\t\t\t\t\t\t\t\t\t\t<img loading=\"lazy\" decoding=\"async\" width=\"1875\" height=\"2500\" src=\"https:\/\/conceptonayf.com\/wp-content\/uploads\/2026\/04\/6.jpg\" class=\"attachment-full size-full wp-image-1888\" alt=\"\" srcset=\"https:\/\/conceptonayf.com\/wp-content\/uploads\/2026\/04\/6.jpg 1875w, https:\/\/conceptonayf.com\/wp-content\/uploads\/2026\/04\/6-225x300.jpg 225w, https:\/\/conceptonayf.com\/wp-content\/uploads\/2026\/04\/6-768x1024.jpg 768w, https:\/\/conceptonayf.com\/wp-content\/uploads\/2026\/04\/6-1152x1536.jpg 1152w, https:\/\/conceptonayf.com\/wp-content\/uploads\/2026\/04\/6-1536x2048.jpg 1536w, https:\/\/conceptonayf.com\/wp-content\/uploads\/2026\/04\/6-9x12.jpg 9w, https:\/\/conceptonayf.com\/wp-content\/uploads\/2026\/04\/6-600x800.jpg 600w\" sizes=\"(max-width: 1875px) 100vw, 1875px\" \/>\t\t\t\t\t\t\t\t\t\t\t\t\t\t\t<\/div>\n\t\t\t\t<\/div>\n\t\t<div class=\"elementor-element elementor-element-eb3493d e-con-full e-flex e-con e-child\" data-id=\"eb3493d\" data-element_type=\"container\">\n\t\t\t\t<div class=\"elementor-element elementor-element-84780fb elementor-widget elementor-widget-heading\" data-id=\"84780fb\" data-element_type=\"widget\" data-widget_type=\"heading.default\">\n\t\t\t\t\t<h4 class=\"elementor-heading-title elementor-size-default\">CHARLA SOBRE LA PRESERVACION DE LOS PATRIMONIOS HISTORICOS DE LA CIUDAD DE MAR DEL PLATA<\/h4>\t\t\t\t<\/div>\n\t\t\t\t<\/div>\n\t\t\t\t<\/div>\n\t\t\t\t\t<\/div>\n\t\t\t\t<\/div>\n\t\t<div class=\"elementor-element elementor-element-221eef1 e-flex e-con-boxed e-con e-parent\" data-id=\"221eef1\" data-element_type=\"container\">\n\t\t\t\t\t<div class=\"e-con-inner\">\n\t\t<div class=\"elementor-element elementor-element-abf58db e-con-full e-flex e-con e-child\" data-id=\"abf58db\" data-element_type=\"container\">\n\t\t<div class=\"elementor-element elementor-element-f8f60da e-con-full e-flex e-con e-child\" data-id=\"f8f60da\" data-element_type=\"container\">\n\t\t\t\t<div class=\"elementor-element elementor-element-1ce495a elementor-widget elementor-widget-image\" data-id=\"1ce495a\" data-element_type=\"widget\" data-widget_type=\"image.default\">\n\t\t\t\t\t\t\t\t\t\t\t\t\t\t\t<img loading=\"lazy\" decoding=\"async\" width=\"1875\" height=\"2500\" src=\"https:\/\/conceptonayf.com\/wp-content\/uploads\/2026\/04\/7.jpg\" class=\"attachment-full size-full wp-image-1889\" alt=\"\" srcset=\"https:\/\/conceptonayf.com\/wp-content\/uploads\/2026\/04\/7.jpg 1875w, https:\/\/conceptonayf.com\/wp-content\/uploads\/2026\/04\/7-225x300.jpg 225w, https:\/\/conceptonayf.com\/wp-content\/uploads\/2026\/04\/7-768x1024.jpg 768w, https:\/\/conceptonayf.com\/wp-content\/uploads\/2026\/04\/7-1152x1536.jpg 1152w, https:\/\/conceptonayf.com\/wp-content\/uploads\/2026\/04\/7-1536x2048.jpg 1536w, https:\/\/conceptonayf.com\/wp-content\/uploads\/2026\/04\/7-9x12.jpg 9w, https:\/\/conceptonayf.com\/wp-content\/uploads\/2026\/04\/7-600x800.jpg 600w\" sizes=\"(max-width: 1875px) 100vw, 1875px\" \/>\t\t\t\t\t\t\t\t\t\t\t\t\t\t\t<\/div>\n\t\t\t\t<\/div>\n\t\t<div class=\"elementor-element elementor-element-3d1c95d e-con-full e-flex e-con e-child\" data-id=\"3d1c95d\" data-element_type=\"container\">\n\t\t\t\t<div class=\"elementor-element elementor-element-8e4e762 elementor-widget elementor-widget-heading\" data-id=\"8e4e762\" data-element_type=\"widget\" data-widget_type=\"heading.default\">\n\t\t\t\t\t<h4 class=\"elementor-heading-title elementor-size-default\">GAITAS Y MUSICA CELTA POR EL FESTEJO DEL DIA DE SAN PATRICIO<\/h4>\t\t\t\t<\/div>\n\t\t\t\t<\/div>\n\t\t\t\t<\/div>\n\t\t\t\t\t<\/div>\n\t\t\t\t<\/div>\n\t\t\t\t<\/div>","protected":false},"excerpt":{"rendered":"<p>GESTI\u00d3N DE EVENTOS EN EL ESPACIO El espacio est\u00e1 disponible para artistas, colectivos e instituciones que deseen realizar presentaciones, muestras, encuentros o actividades especiales. Acompa\u00f1amos cada propuesta desde la planificaci\u00f3n hasta la realizaci\u00f3n, brindando asesoramiento, asistencia t\u00e9cnica y un entorno c\u00e1lido que se adapta a m\u00faltiples formatos. La casita ofrece un marco \u00edntimo y vers\u00e1til [&hellip;]<\/p>","protected":false},"author":1,"featured_media":0,"parent":0,"menu_order":0,"comment_status":"closed","ping_status":"closed","template":"","meta":{"site-sidebar-layout":"no-sidebar","site-content-layout":"page-builder","ast-site-content-layout":"default","site-content-style":"default","site-sidebar-style":"default","ast-global-header-display":"","ast-banner-title-visibility":"","ast-main-header-display":"","ast-hfb-above-header-display":"","ast-hfb-below-header-display":"","ast-hfb-mobile-header-display":"","site-post-title":"disabled","ast-breadcrumbs-content":"","ast-featured-img":"disabled","footer-sml-layout":"","theme-transparent-header-meta":"enabled","adv-header-id-meta":"","stick-header-meta":"","header-above-stick-meta":"","header-main-stick-meta":"","header-below-stick-meta":"","astra-migrate-meta-layouts":"default","ast-page-background-enabled":"default","ast-page-background-meta":{"desktop":{"background-color":"","background-image":"","background-repeat":"repeat","background-position":"center center","background-size":"auto","background-attachment":"scroll","background-type":"","background-media":"","overlay-type":"","overlay-color":"","overlay-opacity":"","overlay-gradient":""},"tablet":{"background-color":"","background-image":"","background-repeat":"repeat","background-position":"center center","background-size":"auto","background-attachment":"scroll","background-type":"","background-media":"","overlay-type":"","overlay-color":"","overlay-opacity":"","overlay-gradient":""},"mobile":{"background-color":"","background-image":"","background-repeat":"repeat","background-position":"center center","background-size":"auto","background-attachment":"scroll","background-type":"","background-media":"","overlay-type":"","overlay-color":"","overlay-opacity":"","overlay-gradient":""}},"ast-content-background-meta":{"desktop":{"background-color":"var(--ast-global-color-5)","background-image":"","background-repeat":"repeat","background-position":"center center","background-size":"auto","background-attachment":"scroll","background-type":"","background-media":"","overlay-type":"","overlay-color":"","overlay-opacity":"","overlay-gradient":""},"tablet":{"background-color":"var(--ast-global-color-5)","background-image":"","background-repeat":"repeat","background-position":"center center","background-size":"auto","background-attachment":"scroll","background-type":"","background-media":"","overlay-type":"","overlay-color":"","overlay-opacity":"","overlay-gradient":""},"mobile":{"background-color":"var(--ast-global-color-5)","background-image":"","background-repeat":"repeat","background-position":"center center","background-size":"auto","background-attachment":"scroll","background-type":"","background-media":"","overlay-type":"","overlay-color":"","overlay-opacity":"","overlay-gradient":""}},"footnotes":""},"class_list":["post-1259","page","type-page","status-publish","hentry"],"_links":{"self":[{"href":"https:\/\/conceptonayf.com\/en\/wp-json\/wp\/v2\/pages\/1259","targetHints":{"allow":["GET"]}}],"collection":[{"href":"https:\/\/conceptonayf.com\/en\/wp-json\/wp\/v2\/pages"}],"about":[{"href":"https:\/\/conceptonayf.com\/en\/wp-json\/wp\/v2\/types\/page"}],"author":[{"embeddable":true,"href":"https:\/\/conceptonayf.com\/en\/wp-json\/wp\/v2\/users\/1"}],"replies":[{"embeddable":true,"href":"https:\/\/conceptonayf.com\/en\/wp-json\/wp\/v2\/comments?post=1259"}],"version-history":[{"count":10,"href":"https:\/\/conceptonayf.com\/en\/wp-json\/wp\/v2\/pages\/1259\/revisions"}],"predecessor-version":[{"id":1892,"href":"https:\/\/conceptonayf.com\/en\/wp-json\/wp\/v2\/pages\/1259\/revisions\/1892"}],"wp:attachment":[{"href":"https:\/\/conceptonayf.com\/en\/wp-json\/wp\/v2\/media?parent=1259"}],"curies":[{"name":"wp","href":"https:\/\/api.w.org\/{rel}","templated":true}]}}